{"id":1631,"date":"2023-04-25T11:51:30","date_gmt":"2023-04-25T11:51:30","guid":{"rendered":"http:\/\/chirobavikhove.be\/?page_id=1631"},"modified":"2023-05-16T16:05:01","modified_gmt":"2023-05-16T16:05:01","slug":"bouwproject","status":"publish","type":"page","link":"https:\/\/chirobavikhove.be\/?page_id=1631","title":{"rendered":"Bouwproject"},"content":{"rendered":"\n<p>Hieronder vind je de verschillende inzamelacties om de bouw van ons heem te steunen.<\/p>\n\n\n\n<p><strong>KOOP EEN FISCAAL AFTREKBARE BAKSTEEN<\/strong><\/p>\n\n\n\n<p>Wil je letterlijk een steentje bijdragen? Dan kun je <a href=\"https:\/\/forms.gle\/CcJbAmmDWZw61kMn8\">virtuele stenen kopen<\/a>. Bovendien kun je zo mee bepalen wat er met je belastinggeld gebeurt, want vanaf \u20ac40 is je gift fiscaal aftrekbaar. Bekijk <a href=\"https:\/\/chirobavikhove.be\/?page_id=1648\">hier<\/a> de virtuele bakstenen die al gekocht werden.<\/p>\n\n\n\n<div class=\"wp-block-media-text alignwide has-media-on-the-right is-stacked-on-mobile\"><div class=\"wp-block-media-text__content\">\n<ul class=\"wp-block-list\">\n<li><strong>vrije gift:<\/strong> vanaf \u20ac40,00 = fiscaal aftrekbaar<\/li>\n\n\n\n<li><strong>1 baksteen:<\/strong> betaal je \u20ac 50, dan krijg je via je belastingaangifte \u20ac 22,50 terug. Voor die prijs wordt <a href=\"https:\/\/chirobavikhove.be\/?page_id=1648\">je naam ook vermeld op de heemwebsite<\/a>, als je dat wilt.<\/li>\n\n\n\n<li><strong>2 bakstenen:<\/strong> heb je hier \u20ac 100 voor over, dan betaal je volgend jaar \u20ac 45 minder belastingen. <a href=\"https:\/\/chirobavikhove.be\/?page_id=1648\">Je naam wordt vermeld op de heemwebsite<\/a> \u00e9n je krijgt gratis drankbonnetjes voor de openingsreceptie. Tip: je moet niet alles in \u00e9\u00e9n keer storten. Je krijgt je fiscaal voordeel op basis van je totaalbedrag.<br><br><strong>Hoe?<\/strong> Stort op rekeningnummer <strong>BE67 0000 1507 2887<\/strong>, t.a.v. Chirojeugd-Vlaanderen vzw,<strong> mededeling:<\/strong> GIFT WG\/0901<br><br>Je kan je naam en boodschap doorgeven via de volgende link: <a href=\"https:\/\/forms.gle\/CcJbAmmDWZw61kMn8\">https:\/\/forms.gle\/CcJbAmmDWZw61kMn8<\/a><\/li>\n<\/ul>\n<\/div><figure class=\"wp-block-media-text__media\"><img loading=\"lazy\" decoding=\"async\" width=\"721\" height=\"1024\" src=\"https:\/\/chirobavikhove.be\/wp-content\/uploads\/2023\/05\/FLYER-GEBOUW-721x1024.png\" alt=\"\" class=\"wp-image-1666 size-full\" srcset=\"https:\/\/chirobavikhove.be\/wp-content\/uploads\/2023\/05\/FLYER-GEBOUW-721x1024.png 721w, https:\/\/chirobavikhove.be\/wp-content\/uploads\/2023\/05\/FLYER-GEBOUW-211x300.png 211w, https:\/\/chirobavikhove.be\/wp-content\/uploads\/2023\/05\/FLYER-GEBOUW-768x1090.png 768w, https:\/\/chirobavikhove.be\/wp-content\/uploads\/2023\/05\/FLYER-GEBOUW-1082x1536.png 1082w, https:\/\/chirobavikhove.be\/wp-content\/uploads\/2023\/05\/FLYER-GEBOUW-1140x1618.png 1140w, https:\/\/chirobavikhove.be\/wp-content\/uploads\/2023\/05\/FLYER-GEBOUW.png 1409w\" sizes=\"auto, (max-width: 721px) 100vw, 721px\" \/><\/figure><\/div>\n\n\n\n<p><\/p>\n\n\n\n<p><strong>EXPEDITIE SEMOIS 2023<\/strong><\/p>\n\n\n\n<p>Of ben je een (fervente) wandelaar? Trek dan uw wandelschoenen aan en ga mee op stap! <\/p>\n\n\n\n<div class=\"wp-block-media-text alignwide is-stacked-on-mobile\"><figure class=\"wp-block-media-text__media\"><img loading=\"lazy\" decoding=\"async\" width=\"733\" height=\"1024\" src=\"https:\/\/chirobavikhove.be\/wp-content\/uploads\/2023\/04\/343148509_1276292396318675_7511522616155882421_n-1-733x1024.jpg\" alt=\"\" class=\"wp-image-1645 size-full\" srcset=\"https:\/\/chirobavikhove.be\/wp-content\/uploads\/2023\/04\/343148509_1276292396318675_7511522616155882421_n-1-733x1024.jpg 733w, https:\/\/chirobavikhove.be\/wp-content\/uploads\/2023\/04\/343148509_1276292396318675_7511522616155882421_n-1-215x300.jpg 215w, https:\/\/chirobavikhove.be\/wp-content\/uploads\/2023\/04\/343148509_1276292396318675_7511522616155882421_n-1-768x1072.jpg 768w, https:\/\/chirobavikhove.be\/wp-content\/uploads\/2023\/04\/343148509_1276292396318675_7511522616155882421_n-1.jpg 828w\" sizes=\"auto, (max-width: 733px) 100vw, 733px\" \/><\/figure><div class=\"wp-block-media-text__content\">\n<p>Van 22 tot en met 28 juli kun je mee langs de Semois wandelen met Stefaan Declercq. Hij laat zich sponsoren door bedrijven zodat elke kilometer opbrengt. Jij kunt iets gelijkaardigs doen door je te laten sponsoren door vrienden en familie. Je moet trouwens niet per se het hele traject meedoen: je kunt aansluiten voor het eerste weekend, de midweek, het tweede weekend of een combinatie. Iedereen wandelt op eigen tempo, zo\u2019n 20-25 km per dag. Slapen gebeurt op campings. Je slaapplaats en vervoer van materiaal wordt geregeld.Opgelet: het aantal deelnemers is beperkt. Er kunnen maar 30 mensen meestappen.<\/p>\n\n\n\n<p>Alle info en deelnameprijzen:&nbsp;<a href=\"https:\/\/www.expeditiesemois.be\/\">https:\/\/www.expeditiesemois.be<\/a><\/p>\n<\/div><\/div>\n\n\n\n<p><\/p>\n","protected":false},"excerpt":{"rendered":"<p>Hieronder vind je de verschillende inzamelacties om de bouw van ons heem te steunen. KOOP EEN FISCAAL AFTREKBARE BAKSTEEN Wil je letterlijk een steentje bijdragen? Dan kun je virtuele stenen kopen. Bovendien kun je zo mee bepalen wat er met je belastinggeld gebeurt, want vanaf \u20ac40 is je gift fiscaal aftrekbaar. Bekijk hier de virtuele bakstenen die al gekocht werden. EXPEDITIE SEMOIS 2023 Of ben je een (fervente) wandelaar? Trek dan uw wandelschoenen aan en ga mee op stap! Van 22 tot en met 28 juli kun je mee langs de Semois wandelen met Stefaan Declercq. Hij laat zich sponsoren door bedrijven zodat elke kilometer opbrengt. Jij kunt iets gelijkaardigs doen door je te laten sponsoren door vrienden en familie. Je moet trouwens niet per se het hele traject meedoen: je kunt aansluiten voor het eerste weekend, de midweek, het tweede weekend of een combinatie. Iedereen wandelt op eigen tempo, zo\u2019n 20-25 km per dag. Slapen gebeurt op campings. Je slaapplaats en vervoer van materiaal wordt geregeld.Opgelet: het aantal deelnemers is beperkt. Er kunnen maar 30 mensen meestappen. Alle info en deelnameprijzen:&nbsp;https:\/\/www.expeditiesemois.be<\/p>\n","protected":false},"author":5,"featured_media":0,"parent":0,"menu_order":6,"comment_status":"closed","ping_status":"closed","template":"","meta":{"_mi_skip_tracking":false,"footnotes":""},"class_list":["post-1631","page","type-page","status-publish","hentry"],"_links":{"self":[{"href":"https:\/\/chirobavikhove.be\/index.php?rest_route=\/wp\/v2\/pages\/1631","targetHints":{"allow":["GET"]}}],"collection":[{"href":"https:\/\/chirobavikhove.be\/index.php?rest_route=\/wp\/v2\/pages"}],"about":[{"href":"https:\/\/chirobavikhove.be\/index.php?rest_route=\/wp\/v2\/types\/page"}],"author":[{"embeddable":true,"href":"https:\/\/chirobavikhove.be\/index.php?rest_route=\/wp\/v2\/users\/5"}],"replies":[{"embeddable":true,"href":"https:\/\/chirobavikhove.be\/index.php?rest_route=%2Fwp%2Fv2%2Fcomments&post=1631"}],"version-history":[{"count":20,"href":"https:\/\/chirobavikhove.be\/index.php?rest_route=\/wp\/v2\/pages\/1631\/revisions"}],"predecessor-version":[{"id":1692,"href":"https:\/\/chirobavikhove.be\/index.php?rest_route=\/wp\/v2\/pages\/1631\/revisions\/1692"}],"wp:attachment":[{"href":"https:\/\/chirobavikhove.be\/index.php?rest_route=%2Fwp%2Fv2%2Fmedia&parent=1631"}],"curies":[{"name":"wp","href":"https:\/\/api.w.org\/{rel}","templated":true}]}}